{"id":108,"date":"2016-02-09T17:24:06","date_gmt":"2016-02-09T16:24:06","guid":{"rendered":"https:\/\/touvois-ecolesaintmichel.fr\/?page_id=108"},"modified":"2025-11-19T16:53:59","modified_gmt":"2025-11-19T15:53:59","slug":"lequipe-educative","status":"publish","type":"page","link":"https:\/\/touvois-ecolesaintmichel.fr\/?page_id=108","title":{"rendered":"L&#8217;\u00e9quipe \u00e9ducative"},"content":{"rendered":"<p style=\"text-align: center;\"><strong>L&#8217;Equipe Educative de l&#8217;\u00e9cole St Michel&nbsp;<\/strong><\/p>\n<p style=\"text-align: center;\"><strong>ann\u00e9e scolaire 2025-2026<\/strong><\/p>\n<p style=\"text-align: left;\">Cheffe d&#8217;\u00e9tablissement :<\/p>\n<ul style=\"list-style-type: circle;\">\n<li style=\"text-align: left;\">C\u00e9cile GARCIA en d\u00e9charge de direction le jeudi<\/li>\n<\/ul>\n<p>Les enseignantes :<\/p>\n<ul>\n<li style=\"list-style-type: none;\">\n<ul>\n<li>Charlotte BOUYER en TPS\/PS\/MS<\/li>\n<li>C\u00e9cile GARCIA ET Flora GUILLET en GS\/CP<\/li>\n<li>Marielle ALLAIS en&nbsp; CE1\/CE2<\/li>\n<li>La\u00ebtitia MARMET et Mariah DUCHENE en CM1\/CM2&nbsp;<\/li>\n<li>St\u00e9phanie MISSIRE, enseignante sp\u00e9cialis\u00e9e<\/li>\n<\/ul>\n<\/li>\n<\/ul>\n<p>les ASEM :<\/p>\n<ul style=\"list-style-type: circle;\">\n<li>Fran\u00e7oise ANDRIET<\/li>\n<li>L\u00e9onie BLANCHARD<\/li>\n<\/ul>\n<p>AESH<\/p>\n<ul style=\"list-style-type: circle;\">\n<li>Ad\u00e8le PEAUDEAU<\/li>\n<li>Marie LAURENT<\/li>\n<\/ul>\n","protected":false},"excerpt":{"rendered":"<p>L&#8217;Equipe Educative de l&#8217;\u00e9cole St Michel&nbsp; ann\u00e9e scolaire 2025-2026 Cheffe d&#8217;\u00e9tablissement : C\u00e9cile GARCIA en d\u00e9charge de direction le jeudi Les enseignantes : Charlotte BOUYER en TPS\/PS\/MS C\u00e9cile GARCIA ET Flora GUILLET en GS\/CP Marielle ALLAIS en&nbsp; CE1\/CE2 La\u00ebtitia MARMET et Mariah DUCHENE en CM1\/CM2&nbsp; St\u00e9phanie MISSIRE, enseignante sp\u00e9cialis\u00e9e les ASEM : Fran\u00e7oise ANDRIET L\u00e9onie&hellip; <br \/> <a class=\"read-more\" href=\"https:\/\/touvois-ecolesaintmichel.fr\/?page_id=108\">Lire la suite<\/a><\/p>\n","protected":false},"author":8,"featured_media":0,"parent":0,"menu_order":0,"comment_status":"closed","ping_status":"closed","template":"","meta":{"ngg_post_thumbnail":0,"footnotes":""},"class_list":["post-108","page","type-page","status-publish","hentry"],"_links":{"self":[{"href":"https:\/\/touvois-ecolesaintmichel.fr\/index.php?rest_route=\/wp\/v2\/pages\/108","targetHints":{"allow":["GET"]}}],"collection":[{"href":"https:\/\/touvois-ecolesaintmichel.fr\/index.php?rest_route=\/wp\/v2\/pages"}],"about":[{"href":"https:\/\/touvois-ecolesaintmichel.fr\/index.php?rest_route=\/wp\/v2\/types\/page"}],"author":[{"embeddable":true,"href":"https:\/\/touvois-ecolesaintmichel.fr\/index.php?rest_route=\/wp\/v2\/users\/8"}],"replies":[{"embeddable":true,"href":"https:\/\/touvois-ecolesaintmichel.fr\/index.php?rest_route=%2Fwp%2Fv2%2Fcomments&post=108"}],"version-history":[{"count":14,"href":"https:\/\/touvois-ecolesaintmichel.fr\/index.php?rest_route=\/wp\/v2\/pages\/108\/revisions"}],"predecessor-version":[{"id":2054,"href":"https:\/\/touvois-ecolesaintmichel.fr\/index.php?rest_route=\/wp\/v2\/pages\/108\/revisions\/2054"}],"wp:attachment":[{"href":"https:\/\/touvois-ecolesaintmichel.fr\/index.php?rest_route=%2Fwp%2Fv2%2Fmedia&parent=108"}],"curies":[{"name":"wp","href":"https:\/\/api.w.org\/{rel}","templated":true}]}}