{"id":111,"date":"2016-02-09T17:25:00","date_gmt":"2016-02-09T16:25:00","guid":{"rendered":"https:\/\/touvois-ecolesaintmichel.fr\/?page_id=111"},"modified":"2025-11-19T16:54:56","modified_gmt":"2025-11-19T15:54:56","slug":"equipements-et-locaux","status":"publish","type":"page","link":"https:\/\/touvois-ecolesaintmichel.fr\/?page_id=111","title":{"rendered":"Equipements et locaux"},"content":{"rendered":"<p>L&#8217;\u00e9tablissement est propri\u00e9t\u00e9 de l&#8217;Association &#8220;la Providence &#8220;.<\/p>\n<p>C&#8217;est l&#8217;OGEC qui g\u00e8re et assure l&#8217;entretien des locaux \u00e0 travers une participation active des parents .Pour les travaux importants de r\u00e9novation, l&#8217;OGEC fait appel \u00e0 des artisans locaux.<\/p>\n<p>L&#8217;\u00e9cole est constitu\u00e9e de 3 b\u00e2timents distincts sur le m\u00eame site.<\/p>\n<p>&nbsp;<\/p>\n<p>&nbsp;<\/p>\n","protected":false},"excerpt":{"rendered":"<p>L&#8217;\u00e9tablissement est propri\u00e9t\u00e9 de l&#8217;Association &#8220;la Providence &#8220;. C&#8217;est l&#8217;OGEC qui g\u00e8re et assure l&#8217;entretien des locaux \u00e0 travers une participation active des parents .Pour les travaux importants de r\u00e9novation, l&#8217;OGEC fait appel \u00e0 des artisans locaux. L&#8217;\u00e9cole est constitu\u00e9e de 3 b\u00e2timents distincts sur le m\u00eame site. &nbsp; &nbsp;<\/p>\n","protected":false},"author":8,"featured_media":0,"parent":0,"menu_order":0,"comment_status":"closed","ping_status":"closed","template":"","meta":{"ngg_post_thumbnail":0,"footnotes":""},"class_list":["post-111","page","type-page","status-publish","hentry"],"_links":{"self":[{"href":"https:\/\/touvois-ecolesaintmichel.fr\/index.php?rest_route=\/wp\/v2\/pages\/111","targetHints":{"allow":["GET"]}}],"collection":[{"href":"https:\/\/touvois-ecolesaintmichel.fr\/index.php?rest_route=\/wp\/v2\/pages"}],"about":[{"href":"https:\/\/touvois-ecolesaintmichel.fr\/index.php?rest_route=\/wp\/v2\/types\/page"}],"author":[{"embeddable":true,"href":"https:\/\/touvois-ecolesaintmichel.fr\/index.php?rest_route=\/wp\/v2\/users\/8"}],"replies":[{"embeddable":true,"href":"https:\/\/touvois-ecolesaintmichel.fr\/index.php?rest_route=%2Fwp%2Fv2%2Fcomments&post=111"}],"version-history":[{"count":4,"href":"https:\/\/touvois-ecolesaintmichel.fr\/index.php?rest_route=\/wp\/v2\/pages\/111\/revisions"}],"predecessor-version":[{"id":2055,"href":"https:\/\/touvois-ecolesaintmichel.fr\/index.php?rest_route=\/wp\/v2\/pages\/111\/revisions\/2055"}],"wp:attachment":[{"href":"https:\/\/touvois-ecolesaintmichel.fr\/index.php?rest_route=%2Fwp%2Fv2%2Fmedia&parent=111"}],"curies":[{"name":"wp","href":"https:\/\/api.w.org\/{rel}","templated":true}]}}