{"id":116,"date":"2016-02-09T17:34:06","date_gmt":"2016-02-09T16:34:06","guid":{"rendered":"https:\/\/touvois-ecolesaintmichel.fr\/?page_id=116"},"modified":"2025-11-19T16:58:31","modified_gmt":"2025-11-19T15:58:31","slug":"college-de-proximite","status":"publish","type":"page","link":"https:\/\/touvois-ecolesaintmichel.fr\/?page_id=116","title":{"rendered":"Etablissements de proximit\u00e9"},"content":{"rendered":"<p>Notre \u00e9cole fait partie d&#8217;une <strong>Communaut\u00e9 Locale d&#8217;Etablissements<\/strong> rassemblant 4 \u00e9tablissements scolaires travaillant et vivant des temps forts ensemble.<\/p>\n<ul>\n<li>l&#8217;<span style=\"color: #008080;\"><a style=\"color: #008080;\" href=\"https:\/\/www.bing.com\/ck\/a?!&amp;&amp;p=4d25f6ea09c2767fJmltdHM9MTY5OTY2MDgwMCZpZ3VpZD0xN2YzZjNiNS0wZjNkLTY1MWItMDdhYi1lMGZhMGUwNjY0OWUmaW5zaWQ9NTE5OA&amp;ptn=3&amp;ver=2&amp;hsh=3&amp;fclid=17f3f3b5-0f3d-651b-07ab-e0fa0e06649e&amp;psq=ecole+saint+yves+corcoue+sur+logne&amp;u=a1aHR0cHM6Ly9jb3Jjb3Vlc3VybG9nbmUtZWNvbGUuZnIv&amp;ntb=1\"><strong>Ecole St Yves<\/strong><\/a><\/span> de Corcou\u00e9-sur-Logne<\/li>\n<li>l&#8217;<span style=\"color: #ff6600;\"><a style=\"color: #ff6600;\" href=\"https:\/\/www.bing.com\/ck\/a?!&amp;&amp;p=b6d5bffff9062ec9JmltdHM9MTY5OTY2MDgwMCZpZ3VpZD0xN2YzZjNiNS0wZjNkLTY1MWItMDdhYi1lMGZhMGUwNjY0OWUmaW5zaWQ9NTIwMg&amp;ptn=3&amp;ver=2&amp;hsh=3&amp;fclid=17f3f3b5-0f3d-651b-07ab-e0fa0e06649e&amp;psq=%c3%a9cole+notre+dame+leg%c3%a9&amp;u=a1aHR0cHM6Ly9lY29sZW5vdHJlZGFtZWxlZ2UuZnIv&amp;ntb=1\"><strong>Ecole Notre Dame<\/strong><\/a><\/span> de Leg\u00e9<\/li>\n<li>le<span style=\"color: #00ccff;\">&nbsp;<a style=\"color: #00ccff;\" href=\"https:\/\/www.bing.com\/ck\/a?!&amp;&amp;p=28968b8b0ad4a9a2JmltdHM9MTY5OTY2MDgwMCZpZ3VpZD0xN2YzZjNiNS0wZjNkLTY1MWItMDdhYi1lMGZhMGUwNjY0OWUmaW5zaWQ9NTIxMw&amp;ptn=3&amp;ver=2&amp;hsh=3&amp;fclid=17f3f3b5-0f3d-651b-07ab-e0fa0e06649e&amp;psq=coll%c3%a8ge+sainte+anne+leg%c3%a9&amp;u=a1aHR0cHM6Ly9zdGVhbm5lLWxlZ2UubG9pcmUtYXRsYW50aXF1ZS5lLWx5Y28uZnIv&amp;ntb=1\">Coll\u00e8ge Sainte Anne<\/a><\/span>&nbsp;de Leg\u00e9&nbsp; &nbsp; &nbsp; &nbsp; &nbsp;<\/li>\n<\/ul>\n<p>Nous nous rencontrons \u00e0 de diverses occasions ;&nbsp;<\/p>\n<ul>\n<li>lors de rencontres sportives (cross, rugby&#8230;)<\/li>\n<li>au coll\u00e8ge pour l&#8217;accueil des CM2 sur une journ\u00e9e de d\u00e9couverte (&#8220;journ\u00e9e passerelle&#8221;)<\/li>\n<li>lors de temps de formations et d&#8217;\u00e9changes r\u00e9guliers entre enseignants.<\/li>\n<\/ul>\n<p>&nbsp;<\/p>\n","protected":false},"excerpt":{"rendered":"<p>Notre \u00e9cole fait partie d&#8217;une Communaut\u00e9 Locale d&#8217;Etablissements rassemblant 4 \u00e9tablissements scolaires travaillant et vivant des temps forts ensemble. l&#8217;Ecole St Yves de Corcou\u00e9-sur-Logne l&#8217;Ecole Notre Dame de Leg\u00e9 le&nbsp;Coll\u00e8ge Sainte Anne&nbsp;de Leg\u00e9&nbsp; &nbsp; &nbsp; &nbsp; &nbsp; Nous nous rencontrons \u00e0 de diverses occasions ;&nbsp; lors de rencontres sportives (cross, rugby&#8230;) au coll\u00e8ge pour l&#8217;accueil&hellip; <br \/> <a class=\"read-more\" href=\"https:\/\/touvois-ecolesaintmichel.fr\/?page_id=116\">Lire la suite<\/a><\/p>\n","protected":false},"author":8,"featured_media":0,"parent":0,"menu_order":0,"comment_status":"closed","ping_status":"closed","template":"","meta":{"ngg_post_thumbnail":0,"footnotes":""},"class_list":["post-116","page","type-page","status-publish","hentry"],"_links":{"self":[{"href":"https:\/\/touvois-ecolesaintmichel.fr\/index.php?rest_route=\/wp\/v2\/pages\/116","targetHints":{"allow":["GET"]}}],"collection":[{"href":"https:\/\/touvois-ecolesaintmichel.fr\/index.php?rest_route=\/wp\/v2\/pages"}],"about":[{"href":"https:\/\/touvois-ecolesaintmichel.fr\/index.php?rest_route=\/wp\/v2\/types\/page"}],"author":[{"embeddable":true,"href":"https:\/\/touvois-ecolesaintmichel.fr\/index.php?rest_route=\/wp\/v2\/users\/8"}],"replies":[{"embeddable":true,"href":"https:\/\/touvois-ecolesaintmichel.fr\/index.php?rest_route=%2Fwp%2Fv2%2Fcomments&post=116"}],"version-history":[{"count":6,"href":"https:\/\/touvois-ecolesaintmichel.fr\/index.php?rest_route=\/wp\/v2\/pages\/116\/revisions"}],"predecessor-version":[{"id":2056,"href":"https:\/\/touvois-ecolesaintmichel.fr\/index.php?rest_route=\/wp\/v2\/pages\/116\/revisions\/2056"}],"wp:attachment":[{"href":"https:\/\/touvois-ecolesaintmichel.fr\/index.php?rest_route=%2Fwp%2Fv2%2Fmedia&parent=116"}],"curies":[{"name":"wp","href":"https:\/\/api.w.org\/{rel}","templated":true}]}}