{"id":119,"date":"2016-02-09T17:39:08","date_gmt":"2016-02-09T16:39:08","guid":{"rendered":"https:\/\/touvois-ecolesaintmichel.fr\/?page_id=119"},"modified":"2025-11-19T16:37:04","modified_gmt":"2025-11-19T15:37:04","slug":"horaires","status":"publish","type":"page","link":"https:\/\/touvois-ecolesaintmichel.fr\/?page_id=119","title":{"rendered":"Horaires"},"content":{"rendered":"<p>Les enseignements sont r\u00e9partis sur 4 jours dans la semaine : lundi, mardi , jeudi et vendredi.<\/p>\n<p>Dans le cadre d&#8217;activit\u00e9s particuli\u00e8res et en lien avec le projet , les enfants sont invit\u00e9s \u00e0 venir \u00e0 l&#8217;\u00e9cole certains samedis matins (2 ou 3 par an).<\/p>\n<p>Les horaires sont :<\/p>\n<p>MATIN &nbsp; &nbsp; &nbsp; &nbsp; &nbsp; &nbsp; &nbsp; &nbsp; &nbsp; de &nbsp;<strong>8h40<\/strong> \u00e0 <strong>12h15<\/strong> &nbsp; &nbsp; &nbsp; &nbsp; Ouverture des portes \u00e0 &nbsp;<strong>8h30<\/strong><\/p>\n<p>APRES-MIDI &nbsp; &nbsp; &nbsp; &nbsp;de <strong>13h40<\/strong> \u00e0 <strong>16h20<\/strong> &nbsp; &nbsp; &nbsp; &nbsp; &nbsp;Ouverture des portes \u00e0 <strong>13h30<\/strong><\/p>\n<p>DANS L&#8217;INTERET DE TOUS, MERCI DE RESPECTER CES HORAIRES.<\/p>\n<p>&nbsp;<\/p>\n<p>&nbsp;<\/p>\n","protected":false},"excerpt":{"rendered":"<p>Les enseignements sont r\u00e9partis sur 4 jours dans la semaine : lundi, mardi , jeudi et vendredi. Dans le cadre d&#8217;activit\u00e9s particuli\u00e8res et en lien avec le projet , les enfants sont invit\u00e9s \u00e0 venir \u00e0 l&#8217;\u00e9cole certains samedis matins (2 ou 3 par an). Les horaires sont : MATIN &nbsp; &nbsp; &nbsp; &nbsp; &nbsp;&hellip; <br \/> <a class=\"read-more\" href=\"https:\/\/touvois-ecolesaintmichel.fr\/?page_id=119\">Lire la suite<\/a><\/p>\n","protected":false},"author":8,"featured_media":0,"parent":0,"menu_order":0,"comment_status":"closed","ping_status":"closed","template":"","meta":{"ngg_post_thumbnail":0,"footnotes":""},"class_list":["post-119","page","type-page","status-publish","hentry"],"_links":{"self":[{"href":"https:\/\/touvois-ecolesaintmichel.fr\/index.php?rest_route=\/wp\/v2\/pages\/119","targetHints":{"allow":["GET"]}}],"collection":[{"href":"https:\/\/touvois-ecolesaintmichel.fr\/index.php?rest_route=\/wp\/v2\/pages"}],"about":[{"href":"https:\/\/touvois-ecolesaintmichel.fr\/index.php?rest_route=\/wp\/v2\/types\/page"}],"author":[{"embeddable":true,"href":"https:\/\/touvois-ecolesaintmichel.fr\/index.php?rest_route=\/wp\/v2\/users\/8"}],"replies":[{"embeddable":true,"href":"https:\/\/touvois-ecolesaintmichel.fr\/index.php?rest_route=%2Fwp%2Fv2%2Fcomments&post=119"}],"version-history":[{"count":10,"href":"https:\/\/touvois-ecolesaintmichel.fr\/index.php?rest_route=\/wp\/v2\/pages\/119\/revisions"}],"predecessor-version":[{"id":2051,"href":"https:\/\/touvois-ecolesaintmichel.fr\/index.php?rest_route=\/wp\/v2\/pages\/119\/revisions\/2051"}],"wp:attachment":[{"href":"https:\/\/touvois-ecolesaintmichel.fr\/index.php?rest_route=%2Fwp%2Fv2%2Fmedia&parent=119"}],"curies":[{"name":"wp","href":"https:\/\/api.w.org\/{rel}","templated":true}]}}