{"id":125,"date":"2016-02-09T17:45:13","date_gmt":"2016-02-09T16:45:13","guid":{"rendered":"https:\/\/touvois-ecolesaintmichel.fr\/?page_id=125"},"modified":"2025-11-19T17:44:10","modified_gmt":"2025-11-19T16:44:10","slug":"periscolaire","status":"publish","type":"page","link":"https:\/\/touvois-ecolesaintmichel.fr\/?page_id=125","title":{"rendered":"Services de cantine et de p\u00e9riscolaire"},"content":{"rendered":"<p>Les enfants de la commune de Touvois b\u00e9n\u00e9ficient tous des services municipaux de cantine et de p\u00e9riscolaire.<\/p>\n<p>Le Centre d&#8217;Animation en Pays de Logne est mandat\u00e9 par la commune pour assurer le temps p\u00e9riscolaire (matin et soir) et l&#8217;accueil de loisirs des enfants de la commune (mercredi et vacances scolaires). L&#8217;association IFAC -Institut de formation, d&#8217;animation et de conseil- est charg\u00e9e de l&#8217;organisation de ce service.<\/p>\n<p><strong>Modalit\u00e9s d&#8217;inscription<\/strong> :&nbsp;<\/p>\n<ul style=\"list-style-type: square;\">\n<li>Au mois de juin, la mairie d\u00e9pose \u00e0 l&#8217;\u00e9cole les documents et informations n\u00e9cessaires \u00e0 l&#8217;inscription des enfants pour la rentr\u00e9e suivante.&nbsp;<\/li>\n<li>l&#8217;\u00e9cole distribue aux enfants ces courriers d&#8217;inscription aux deux services<\/li>\n<li>les familles retournent les documents compl\u00e9t\u00e9s directement<strong> \u00e0 la mairie<\/strong> lors de permanences.<\/li>\n<\/ul>\n<p>Les trajets des enfants entre la p\u00e9riscolaire, la cantine et l&#8217;\u00e9cole se font en car matin, midi et soir. Les enfants sont accompagn\u00e9s par les animateurs.<\/p>\n<p><a href=\"https:\/\/www.touvois.fr\/periscolaire\/\">P\u00e9riscolaire et centre de loisirs<\/a><\/p>\n<p><a href=\"https:\/\/www.touvois.fr\/restaurant-scolaire\/\" target=\"_blank\" rel=\"noopener\">Cantine de Touvois<\/a><\/p>\n","protected":false},"excerpt":{"rendered":"<p>Les enfants de la commune de Touvois b\u00e9n\u00e9ficient tous des services municipaux de cantine et de p\u00e9riscolaire. Le Centre d&#8217;Animation en Pays de Logne est mandat\u00e9 par la commune pour assurer le temps p\u00e9riscolaire (matin et soir) et l&#8217;accueil de loisirs des enfants de la commune (mercredi et vacances scolaires). L&#8217;association IFAC -Institut de formation,&hellip; <br \/> <a class=\"read-more\" href=\"https:\/\/touvois-ecolesaintmichel.fr\/?page_id=125\">Lire la suite<\/a><\/p>\n","protected":false},"author":8,"featured_media":0,"parent":0,"menu_order":0,"comment_status":"closed","ping_status":"closed","template":"","meta":{"ngg_post_thumbnail":0,"footnotes":""},"class_list":["post-125","page","type-page","status-publish","hentry"],"_links":{"self":[{"href":"https:\/\/touvois-ecolesaintmichel.fr\/index.php?rest_route=\/wp\/v2\/pages\/125","targetHints":{"allow":["GET"]}}],"collection":[{"href":"https:\/\/touvois-ecolesaintmichel.fr\/index.php?rest_route=\/wp\/v2\/pages"}],"about":[{"href":"https:\/\/touvois-ecolesaintmichel.fr\/index.php?rest_route=\/wp\/v2\/types\/page"}],"author":[{"embeddable":true,"href":"https:\/\/touvois-ecolesaintmichel.fr\/index.php?rest_route=\/wp\/v2\/users\/8"}],"replies":[{"embeddable":true,"href":"https:\/\/touvois-ecolesaintmichel.fr\/index.php?rest_route=%2Fwp%2Fv2%2Fcomments&post=125"}],"version-history":[{"count":9,"href":"https:\/\/touvois-ecolesaintmichel.fr\/index.php?rest_route=\/wp\/v2\/pages\/125\/revisions"}],"predecessor-version":[{"id":2076,"href":"https:\/\/touvois-ecolesaintmichel.fr\/index.php?rest_route=\/wp\/v2\/pages\/125\/revisions\/2076"}],"wp:attachment":[{"href":"https:\/\/touvois-ecolesaintmichel.fr\/index.php?rest_route=%2Fwp%2Fv2%2Fmedia&parent=125"}],"curies":[{"name":"wp","href":"https:\/\/api.w.org\/{rel}","templated":true}]}}