{"id":1924,"date":"2023-11-09T09:03:09","date_gmt":"2023-11-09T08:03:09","guid":{"rendered":"https:\/\/touvois-ecolesaintmichel.fr\/?page_id=1924"},"modified":"2025-11-19T18:18:52","modified_gmt":"2025-11-19T17:18:52","slug":"inscription","status":"publish","type":"page","link":"https:\/\/touvois-ecolesaintmichel.fr\/?page_id=1924","title":{"rendered":"Inscription"},"content":{"rendered":"\t\t<div data-elementor-type=\"wp-page\" data-elementor-id=\"1924\" class=\"elementor elementor-1924\">\n\t\t\t\t\t\t\t<div class=\"elementor-element elementor-element-4c761b50 e-flex e-con-boxed e-con e-parent\" data-id=\"4c761b50\" data-element_type=\"container\" data-settings=\"{&quot;content_width&quot;:&quot;boxed&quot;}\" data-core-v316-plus=\"true\">\n\t\t\t\t\t<div class=\"e-con-inner\">\n\t\t\t\t<div class=\"elementor-element elementor-element-5d6a1c77 elementor-widget elementor-widget-text-editor\" data-id=\"5d6a1c77\" data-element_type=\"widget\" data-widget_type=\"text-editor.default\">\n\t\t\t\t<div class=\"elementor-widget-container\">\n\t\t\t<style>\/*! elementor - v3.18.0 - 20-12-2023 *\/\n.elementor-widget-text-editor.elementor-drop-cap-view-stacked .elementor-drop-cap{background-color:#69727d;color:#fff}.elementor-widget-text-editor.elementor-drop-cap-view-framed .elementor-drop-cap{color:#69727d;border:3px solid;background-color:transparent}.elementor-widget-text-editor:not(.elementor-drop-cap-view-default) .elementor-drop-cap{margin-top:8px}.elementor-widget-text-editor:not(.elementor-drop-cap-view-default) .elementor-drop-cap-letter{width:1em;height:1em}.elementor-widget-text-editor .elementor-drop-cap{float:left;text-align:center;line-height:1;font-size:50px}.elementor-widget-text-editor .elementor-drop-cap-letter{display:inline-block}<\/style>\t\t\t\t<p>Les inscriptions pour la <strong>rentr\u00e9e de septembre 2026<\/strong> s\u2019effectueront \u00e0 partir du mois de novembre 2025.<\/p><div><strong>Il s&#8217;agit pour les Petites sections, des enfants n\u00e9s en 2023.<\/strong><br \/><strong>Si votre enfant est n\u00e9 au premier trimestre 2024, vous pouvez prendre contact avec l&#8217;\u00e9cole, nous pourrons l&#8217;accueillir si les effectifs le permettent.\u00a0<\/strong><\/div><div>Vous \u00eates invit\u00e9s \u00e0 contacter l\u2019\u00e9cole\u00a0<\/div><ul style=\"list-style-type: circle;\"><li>par t\u00e9l\u00e9phone au 02.40.31.63.66<\/li><li>par mail \u00e0 l&#8217;adresse suivante :ec.touvois.st-michel@ec44.fr<\/li><li>en laissant vos coordonn\u00e9es pour \u00eatre recontact\u00e9 gr\u00e2ce au lien suivant :\u00a0<a href=\"https:\/\/forms.office.com\/e\/ARtFZEXBby?origin=lprLink\">Prise de contact pour un rendez-vous<\/a><\/li><\/ul>\t\t\t\t\t\t<\/div>\n\t\t\t\t<\/div>\n\t\t\t\t\t<\/div>\n\t\t\t\t<\/div>\n\t\t<div class=\"elementor-element elementor-element-243969f e-flex e-con-boxed e-con e-parent\" data-id=\"243969f\" data-element_type=\"container\" data-settings=\"{&quot;content_width&quot;:&quot;boxed&quot;}\" data-core-v316-plus=\"true\">\n\t\t\t\t\t<div class=\"e-con-inner\">\n\t\t\t\t<div class=\"elementor-element elementor-element-f9c4947 elementor-widget elementor-widget-image\" data-id=\"f9c4947\" data-element_type=\"widget\" data-widget_type=\"image.default\">\n\t\t\t\t<div class=\"elementor-widget-container\">\n\t\t\t<style>\/*! elementor - v3.18.0 - 20-12-2023 *\/\n.elementor-widget-image{text-align:center}.elementor-widget-image a{display:inline-block}.elementor-widget-image a img[src$=\".svg\"]{width:48px}.elementor-widget-image img{vertical-align:middle;display:inline-block}<\/style>\t\t\t\t\t\t\t\t\t\t\t\t<img fetchpriority=\"high\" decoding=\"async\" width=\"724\" height=\"1024\" src=\"https:\/\/touvois-ecolesaintmichel.fr\/wp-content\/uploads\/2025\/11\/INSCRIPTIONS-2026-2027-724x1024.jpg\" class=\"attachment-large size-large wp-image-2091\" alt=\"\" srcset=\"https:\/\/touvois-ecolesaintmichel.fr\/wp-content\/uploads\/2025\/11\/INSCRIPTIONS-2026-2027-724x1024.jpg 724w, https:\/\/touvois-ecolesaintmichel.fr\/wp-content\/uploads\/2025\/11\/INSCRIPTIONS-2026-2027-212x300.jpg 212w, https:\/\/touvois-ecolesaintmichel.fr\/wp-content\/uploads\/2025\/11\/INSCRIPTIONS-2026-2027-768x1086.jpg 768w, https:\/\/touvois-ecolesaintmichel.fr\/wp-content\/uploads\/2025\/11\/INSCRIPTIONS-2026-2027-1086x1536.jpg 1086w, https:\/\/touvois-ecolesaintmichel.fr\/wp-content\/uploads\/2025\/11\/INSCRIPTIONS-2026-2027-1448x2048.jpg 1448w, https:\/\/touvois-ecolesaintmichel.fr\/wp-content\/uploads\/2025\/11\/INSCRIPTIONS-2026-2027-1024x1449.jpg 1024w, https:\/\/touvois-ecolesaintmichel.fr\/wp-content\/uploads\/2025\/11\/INSCRIPTIONS-2026-2027-763x1080.jpg 763w, https:\/\/touvois-ecolesaintmichel.fr\/wp-content\/uploads\/2025\/11\/INSCRIPTIONS-2026-2027-scaled.jpg 1810w\" sizes=\"(max-width: 724px) 100vw, 724px\" \/>\t\t\t\t\t\t\t\t\t\t\t\t\t\t\t<\/div>\n\t\t\t\t<\/div>\n\t\t\t\t\t<\/div>\n\t\t\t\t<\/div>\n\t\t\t\t\t\t\t<\/div>\n\t\t","protected":false},"excerpt":{"rendered":"<p>Les inscriptions pour la rentr\u00e9e de septembre 2026 s\u2019effectueront \u00e0 partir du mois de novembre 2025. Il s&#8217;agit pour les Petites sections, des enfants n\u00e9s en 2023.Si votre enfant est n\u00e9 au premier trimestre 2024, vous pouvez prendre contact avec l&#8217;\u00e9cole, nous pourrons l&#8217;accueillir si les effectifs le permettent.\u00a0Vous \u00eates invit\u00e9s \u00e0 contacter l\u2019\u00e9cole\u00a0 par&hellip; <br \/> <a class=\"read-more\" href=\"https:\/\/touvois-ecolesaintmichel.fr\/?page_id=1924\">Lire la suite<\/a><\/p>\n","protected":false},"author":8,"featured_media":0,"parent":0,"menu_order":0,"comment_status":"closed","ping_status":"closed","template":"","meta":{"ngg_post_thumbnail":0,"footnotes":""},"class_list":["post-1924","page","type-page","status-publish","hentry"],"_links":{"self":[{"href":"https:\/\/touvois-ecolesaintmichel.fr\/index.php?rest_route=\/wp\/v2\/pages\/1924","targetHints":{"allow":["GET"]}}],"collection":[{"href":"https:\/\/touvois-ecolesaintmichel.fr\/index.php?rest_route=\/wp\/v2\/pages"}],"about":[{"href":"https:\/\/touvois-ecolesaintmichel.fr\/index.php?rest_route=\/wp\/v2\/types\/page"}],"author":[{"embeddable":true,"href":"https:\/\/touvois-ecolesaintmichel.fr\/index.php?rest_route=\/wp\/v2\/users\/8"}],"replies":[{"embeddable":true,"href":"https:\/\/touvois-ecolesaintmichel.fr\/index.php?rest_route=%2Fwp%2Fv2%2Fcomments&post=1924"}],"version-history":[{"count":11,"href":"https:\/\/touvois-ecolesaintmichel.fr\/index.php?rest_route=\/wp\/v2\/pages\/1924\/revisions"}],"predecessor-version":[{"id":2105,"href":"https:\/\/touvois-ecolesaintmichel.fr\/index.php?rest_route=\/wp\/v2\/pages\/1924\/revisions\/2105"}],"wp:attachment":[{"href":"https:\/\/touvois-ecolesaintmichel.fr\/index.php?rest_route=%2Fwp%2Fv2%2Fmedia&parent=1924"}],"curies":[{"name":"wp","href":"https:\/\/api.w.org\/{rel}","templated":true}]}}