{"id":93,"date":"2016-02-06T14:52:41","date_gmt":"2016-02-06T13:52:41","guid":{"rendered":"https:\/\/touvois-ecolesaintmichel.fr\/?page_id=93"},"modified":"2026-03-18T08:50:26","modified_gmt":"2026-03-18T07:50:26","slug":"bienvenue","status":"publish","type":"page","link":"https:\/\/touvois-ecolesaintmichel.fr\/","title":{"rendered":"Bienvenue !"},"content":{"rendered":"\t\t<div data-elementor-type=\"wp-page\" data-elementor-id=\"93\" class=\"elementor elementor-93\">\n\t\t\t\t\t\t\t<div class=\"elementor-element elementor-element-8bd0a26 e-con-full e-flex e-con e-parent\" data-id=\"8bd0a26\" data-element_type=\"container\" data-settings=\"{&quot;content_width&quot;:&quot;full&quot;}\" data-core-v316-plus=\"true\">\n\t\t\t\t<div class=\"elementor-element elementor-element-4a62f81 elementor-widget elementor-widget-button\" data-id=\"4a62f81\" data-element_type=\"widget\" data-widget_type=\"button.default\">\n\t\t\t\t<div class=\"elementor-widget-container\">\n\t\t\t\t\t<div class=\"elementor-button-wrapper\">\n\t\t\t<a class=\"elementor-button elementor-button-link elementor-size-sm\" href=\"https:\/\/educartable.com\/\">\n\t\t\t\t\t\t<span class=\"elementor-button-content-wrapper\">\n\t\t\t\t\t\t<span class=\"elementor-button-icon elementor-align-icon-left\">\n\t\t\t\t<svg aria-hidden=\"true\" class=\"e-font-icon-svg e-far-smile-beam\" viewBox=\"0 0 496 512\" xmlns=\"http:\/\/www.w3.org\/2000\/svg\"><path d=\"M248 8C111 8 0 119 0 256s111 248 248 248 248-111 248-248S385 8 248 8zm0 448c-110.3 0-200-89.7-200-200S137.7 56 248 56s200 89.7 200 200-89.7 200-200 200zm84-143.4c-20.8 25-51.5 39.4-84 39.4s-63.2-14.3-84-39.4c-8.5-10.2-23.6-11.5-33.8-3.1-10.2 8.5-11.5 23.6-3.1 33.8 30 36 74.1 56.6 120.9 56.6s90.9-20.6 120.9-56.6c8.5-10.2 7.1-25.3-3.1-33.8-10.2-8.4-25.3-7.1-33.8 3.1zM136.5 211c7.7-13.7 19.2-21.6 31.5-21.6s23.8 7.9 31.5 21.6l9.5 17c2.1 3.7 6.2 4.7 9.3 3.7 3.6-1.1 6-4.5 5.7-8.3-3.3-42.1-32.2-71.4-56-71.4s-52.7 29.3-56 71.4c-.3 3.7 2.1 7.2 5.7 8.3 3.4 1.1 7.4-.5 9.3-3.7l9.5-17zM328 152c-23.8 0-52.7 29.3-56 71.4-.3 3.7 2.1 7.2 5.7 8.3 3.5 1.1 7.4-.5 9.3-3.7l9.5-17c7.7-13.7 19.2-21.6 31.5-21.6s23.8 7.9 31.5 21.6l9.5 17c2.1 3.7 6.2 4.7 9.3 3.7 3.6-1.1 6-4.5 5.7-8.3-3.3-42.1-32.2-71.4-56-71.4z\"><\/path><\/svg>\t\t\t<\/span>\n\t\t\t\t\t\t<span class=\"elementor-button-text\">Portail familles EDUCARTABLE<\/span>\n\t\t<\/span>\n\t\t\t\t\t<\/a>\n\t\t<\/div>\n\t\t\t\t<\/div>\n\t\t\t\t<\/div>\n\t\t\t\t<\/div>\n\t\t<div class=\"elementor-element elementor-element-34fc24db e-con-full e-flex e-con e-parent\" data-id=\"34fc24db\" data-element_type=\"container\" data-settings=\"{&quot;content_width&quot;:&quot;full&quot;}\" data-core-v316-plus=\"true\">\n\t\t\t\t<div class=\"elementor-element elementor-element-8849e8b elementor-widget__width-initial elementor-widget elementor-widget-image\" data-id=\"8849e8b\" data-element_type=\"widget\" data-widget_type=\"image.default\">\n\t\t\t\t<div class=\"elementor-widget-container\">\n\t\t\t<style>\/*! elementor - v3.18.0 - 20-12-2023 *\/\n.elementor-widget-image{text-align:center}.elementor-widget-image a{display:inline-block}.elementor-widget-image a img[src$=\".svg\"]{width:48px}.elementor-widget-image img{vertical-align:middle;display:inline-block}<\/style>\t\t\t\t\t\t\t\t\t\t\t\t<img fetchpriority=\"high\" decoding=\"async\" width=\"721\" height=\"1024\" src=\"https:\/\/touvois-ecolesaintmichel.fr\/wp-content\/uploads\/2026\/03\/affiche-conference-bur-out-parental-721x1024.jpg\" class=\"attachment-large size-large wp-image-2126\" alt=\"\" srcset=\"https:\/\/touvois-ecolesaintmichel.fr\/wp-content\/uploads\/2026\/03\/affiche-conference-bur-out-parental-721x1024.jpg 721w, https:\/\/touvois-ecolesaintmichel.fr\/wp-content\/uploads\/2026\/03\/affiche-conference-bur-out-parental-211x300.jpg 211w, https:\/\/touvois-ecolesaintmichel.fr\/wp-content\/uploads\/2026\/03\/affiche-conference-bur-out-parental-768x1091.jpg 768w, https:\/\/touvois-ecolesaintmichel.fr\/wp-content\/uploads\/2026\/03\/affiche-conference-bur-out-parental-760x1080.jpg 760w, https:\/\/touvois-ecolesaintmichel.fr\/wp-content\/uploads\/2026\/03\/affiche-conference-bur-out-parental.jpg 1001w\" sizes=\"(max-width: 721px) 100vw, 721px\" \/>\t\t\t\t\t\t\t\t\t\t\t\t\t\t\t<\/div>\n\t\t\t\t<\/div>\n\t\t\t\t<div class=\"elementor-element elementor-element-7351e42 elementor-widget elementor-widget-image\" data-id=\"7351e42\" data-element_type=\"widget\" data-widget_type=\"image.default\">\n\t\t\t\t<div class=\"elementor-widget-container\">\n\t\t\t\t\t\t\t\t\t\t\t\t\t\t\t<img decoding=\"async\" width=\"724\" height=\"1024\" src=\"https:\/\/touvois-ecolesaintmichel.fr\/wp-content\/uploads\/2025\/11\/INSCRIPTIONS-2026-2027-724x1024.jpg\" class=\"attachment-large size-large wp-image-2091\" alt=\"\" srcset=\"https:\/\/touvois-ecolesaintmichel.fr\/wp-content\/uploads\/2025\/11\/INSCRIPTIONS-2026-2027-724x1024.jpg 724w, https:\/\/touvois-ecolesaintmichel.fr\/wp-content\/uploads\/2025\/11\/INSCRIPTIONS-2026-2027-212x300.jpg 212w, https:\/\/touvois-ecolesaintmichel.fr\/wp-content\/uploads\/2025\/11\/INSCRIPTIONS-2026-2027-768x1086.jpg 768w, https:\/\/touvois-ecolesaintmichel.fr\/wp-content\/uploads\/2025\/11\/INSCRIPTIONS-2026-2027-1086x1536.jpg 1086w, https:\/\/touvois-ecolesaintmichel.fr\/wp-content\/uploads\/2025\/11\/INSCRIPTIONS-2026-2027-1448x2048.jpg 1448w, https:\/\/touvois-ecolesaintmichel.fr\/wp-content\/uploads\/2025\/11\/INSCRIPTIONS-2026-2027-1024x1449.jpg 1024w, https:\/\/touvois-ecolesaintmichel.fr\/wp-content\/uploads\/2025\/11\/INSCRIPTIONS-2026-2027-763x1080.jpg 763w, https:\/\/touvois-ecolesaintmichel.fr\/wp-content\/uploads\/2025\/11\/INSCRIPTIONS-2026-2027-scaled.jpg 1810w\" sizes=\"(max-width: 724px) 100vw, 724px\" \/>\t\t\t\t\t\t\t\t\t\t\t\t\t\t\t<\/div>\n\t\t\t\t<\/div>\n\t\t\t\t<div class=\"elementor-element elementor-element-dc1a212 elementor-widget__width-initial elementor-widget elementor-widget-text-editor\" data-id=\"dc1a212\" data-element_type=\"widget\" data-widget_type=\"text-editor.default\">\n\t\t\t\t<div class=\"elementor-widget-container\">\n\t\t\t<style>\/*! elementor - v3.18.0 - 20-12-2023 *\/\n.elementor-widget-text-editor.elementor-drop-cap-view-stacked .elementor-drop-cap{background-color:#69727d;color:#fff}.elementor-widget-text-editor.elementor-drop-cap-view-framed .elementor-drop-cap{color:#69727d;border:3px solid;background-color:transparent}.elementor-widget-text-editor:not(.elementor-drop-cap-view-default) .elementor-drop-cap{margin-top:8px}.elementor-widget-text-editor:not(.elementor-drop-cap-view-default) .elementor-drop-cap-letter{width:1em;height:1em}.elementor-widget-text-editor .elementor-drop-cap{float:left;text-align:center;line-height:1;font-size:50px}.elementor-widget-text-editor .elementor-drop-cap-letter{display:inline-block}<\/style>\t\t\t\t<p>Bienvenue sur le site de l\u2019\u00e9cole Saint-Michel de TOUVOIS !<\/p><p>Notre \u00e9tablissement accueille les enfants de la Toute Petite Section jusqu\u2019au CM2.<\/p><p>Nous veillons \u00e0 accompagner chaque enfant dans le respect de chacun, quelles que soient ses origines, sa religion ou sa culture tout au long de sa scolarit\u00e9.<\/p><p>Des relations conviviales et bienveillantes, un accompagnement quotidien contribuent \u00e0 former les adultes de demain.<\/p><p>Ces valeurs \u00e9ducatives se vivent en lien avec les familles. Elles sont port\u00e9es gr\u00e2ce au d\u00e9vouement et au dynamisme de l\u2019\u00e9quipe \u00e9ducative et des b\u00e9n\u00e9voles des associations OGEC\/APEL.<\/p>\t\t\t\t\t\t<\/div>\n\t\t\t\t<\/div>\n\t\t\t\t<\/div>\n\t\t<div class=\"elementor-element elementor-element-fa84d3b e-con-full e-flex e-con e-parent\" data-id=\"fa84d3b\" data-element_type=\"container\" data-settings=\"{&quot;content_width&quot;:&quot;full&quot;}\" data-core-v316-plus=\"true\">\n\t\t\t\t<div class=\"elementor-element elementor-element-8fceff6 elementor-widget elementor-widget-image\" data-id=\"8fceff6\" data-element_type=\"widget\" data-widget_type=\"image.default\">\n\t\t\t\t<div class=\"elementor-widget-container\">\n\t\t\t\t\t\t\t\t\t\t\t\t\t\t\t<img decoding=\"async\" width=\"1536\" height=\"409\" src=\"https:\/\/touvois-ecolesaintmichel.fr\/wp-content\/uploads\/2025\/11\/bandeau-hospitalite-1-1536x409.jpg\" class=\"attachment-1536x1536 size-1536x1536 wp-image-2081\" alt=\"\" srcset=\"https:\/\/touvois-ecolesaintmichel.fr\/wp-content\/uploads\/2025\/11\/bandeau-hospitalite-1-1536x409.jpg 1536w, https:\/\/touvois-ecolesaintmichel.fr\/wp-content\/uploads\/2025\/11\/bandeau-hospitalite-1-300x80.jpg 300w, https:\/\/touvois-ecolesaintmichel.fr\/wp-content\/uploads\/2025\/11\/bandeau-hospitalite-1-1024x273.jpg 1024w, https:\/\/touvois-ecolesaintmichel.fr\/wp-content\/uploads\/2025\/11\/bandeau-hospitalite-1-768x205.jpg 768w, https:\/\/touvois-ecolesaintmichel.fr\/wp-content\/uploads\/2025\/11\/bandeau-hospitalite-1.jpg 1700w\" sizes=\"(max-width: 1536px) 100vw, 1536px\" \/>\t\t\t\t\t\t\t\t\t\t\t\t\t\t\t<\/div>\n\t\t\t\t<\/div>\n\t\t\t\t<div class=\"elementor-element elementor-element-49bf725 elementor-widget elementor-widget-image\" data-id=\"49bf725\" data-element_type=\"widget\" data-widget_type=\"image.default\">\n\t\t\t\t<div class=\"elementor-widget-container\">\n\t\t\t\t\t\t\t\t\t\t\t\t\t\t\t<img decoding=\"async\" src=\"https:\/\/touvois-ecolesaintmichel.fr\/wp-content\/uploads\/2025\/11\/bandeau-hospitalite-1.pdf\" title=\"\" alt=\"\" loading=\"lazy\" \/>\t\t\t\t\t\t\t\t\t\t\t\t\t\t\t<\/div>\n\t\t\t\t<\/div>\n\t\t\t\t<\/div>\n\t\t<div class=\"elementor-element elementor-element-d6acbf2 e-flex e-con-boxed e-con e-parent\" data-id=\"d6acbf2\" data-element_type=\"container\" data-settings=\"{&quot;content_width&quot;:&quot;boxed&quot;}\" data-core-v316-plus=\"true\">\n\t\t\t\t\t<div class=\"e-con-inner\">\n\t\t<div class=\"elementor-element elementor-element-8592543 e-con-full e-flex e-con e-child\" data-id=\"8592543\" data-element_type=\"container\" data-settings=\"{&quot;content_width&quot;:&quot;full&quot;}\">\n\t\t\t\t<div class=\"elementor-element elementor-element-0701cd2 elementor-widget__width-initial elementor-widget elementor-widget-image\" data-id=\"0701cd2\" data-element_type=\"widget\" data-widget_type=\"image.default\">\n\t\t\t\t<div class=\"elementor-widget-container\">\n\t\t\t\t\t\t\t\t\t\t\t\t\t\t\t<img loading=\"lazy\" decoding=\"async\" width=\"150\" height=\"150\" src=\"https:\/\/touvois-ecolesaintmichel.fr\/wp-content\/uploads\/2025\/11\/Logo-Pays-de-la-Loire-44-150x150.jpg\" class=\"attachment-thumbnail size-thumbnail wp-image-2078\" alt=\"\" \/>\t\t\t\t\t\t\t\t\t\t\t\t\t\t\t<\/div>\n\t\t\t\t<\/div>\n\t\t\t\t<\/div>\n\t\t<div class=\"elementor-element elementor-element-1059de8 e-con-full e-flex e-con e-child\" data-id=\"1059de8\" data-element_type=\"container\" data-settings=\"{&quot;content_width&quot;:&quot;full&quot;}\">\n\t\t\t\t<\/div>\n\t\t\t\t\t<\/div>\n\t\t\t\t<\/div>\n\t\t<div class=\"elementor-element elementor-element-5ecbce7 e-flex e-con-boxed e-con e-parent\" data-id=\"5ecbce7\" data-element_type=\"container\" data-settings=\"{&quot;content_width&quot;:&quot;boxed&quot;}\" data-core-v316-plus=\"true\">\n\t\t\t\t\t<div class=\"e-con-inner\">\n\t\t\t\t\t<\/div>\n\t\t\t\t<\/div>\n\t\t<div class=\"elementor-element elementor-element-fdb770c e-flex e-con-boxed e-con e-parent\" data-id=\"fdb770c\" data-element_type=\"container\" data-settings=\"{&quot;content_width&quot;:&quot;boxed&quot;}\" data-core-v316-plus=\"true\">\n\t\t\t\t\t<div class=\"e-con-inner\">\n\t\t\t\t\t<\/div>\n\t\t\t\t<\/div>\n\t\t\t\t\t\t\t<\/div>\n\t\t","protected":false},"excerpt":{"rendered":"<p>Portail familles EDUCARTABLE Bienvenue sur le site de l\u2019\u00e9cole Saint-Michel de TOUVOIS ! Notre \u00e9tablissement accueille les enfants de la Toute Petite Section jusqu\u2019au CM2. Nous veillons \u00e0 accompagner chaque enfant dans le respect de chacun, quelles que soient ses origines, sa religion ou sa culture tout au long de sa scolarit\u00e9. Des relations conviviales&hellip; <br \/> <a class=\"read-more\" href=\"https:\/\/touvois-ecolesaintmichel.fr\/\">Lire la suite<\/a><\/p>\n","protected":false},"author":8,"featured_media":0,"parent":0,"menu_order":0,"comment_status":"closed","ping_status":"closed","template":"","meta":{"ngg_post_thumbnail":0,"footnotes":""},"class_list":["post-93","page","type-page","status-publish","hentry"],"_links":{"self":[{"href":"https:\/\/touvois-ecolesaintmichel.fr\/index.php?rest_route=\/wp\/v2\/pages\/93","targetHints":{"allow":["GET"]}}],"collection":[{"href":"https:\/\/touvois-ecolesaintmichel.fr\/index.php?rest_route=\/wp\/v2\/pages"}],"about":[{"href":"https:\/\/touvois-ecolesaintmichel.fr\/index.php?rest_route=\/wp\/v2\/types\/page"}],"author":[{"embeddable":true,"href":"https:\/\/touvois-ecolesaintmichel.fr\/index.php?rest_route=\/wp\/v2\/users\/8"}],"replies":[{"embeddable":true,"href":"https:\/\/touvois-ecolesaintmichel.fr\/index.php?rest_route=%2Fwp%2Fv2%2Fcomments&post=93"}],"version-history":[{"count":44,"href":"https:\/\/touvois-ecolesaintmichel.fr\/index.php?rest_route=\/wp\/v2\/pages\/93\/revisions"}],"predecessor-version":[{"id":2129,"href":"https:\/\/touvois-ecolesaintmichel.fr\/index.php?rest_route=\/wp\/v2\/pages\/93\/revisions\/2129"}],"wp:attachment":[{"href":"https:\/\/touvois-ecolesaintmichel.fr\/index.php?rest_route=%2Fwp%2Fv2%2Fmedia&parent=93"}],"curies":[{"name":"wp","href":"https:\/\/api.w.org\/{rel}","templated":true}]}}